{"id":17682,"date":"2019-07-27T14:38:11","date_gmt":"2019-07-27T14:38:11","guid":{"rendered":"http:\/\/autozone.templines.org\/rental\/?page_id=17682"},"modified":"2022-06-01T08:16:47","modified_gmt":"2022-06-01T08:16:47","slug":"terms-and-conditions","status":"publish","type":"page","link":"https:\/\/electric-mietwagen-rb.de\/en\/terms-and-conditions\/","title":{"rendered":"Mietbedingungen"},"content":{"rendered":"<p><strong><u>Der Mietvertrag<\/u><\/strong><\/p>\n<p>Z\u00e4hlt als Mietbedingungen, die Mietunterlagen, die Sie erhalten wenn Sie Zugang zu dem von Ihnen gemieteten Fahrzeug erhalten genannt auch\u00a0 (\u201eMietvertrag\u201c), alle von Ihnen unterzeichneten zus\u00e4tzlichen Vereinbarungen, alle Dokumente oder Vereinbarungen (oder Links zu Online-Dokumenten oder -Vereinbarungen). ), die Ihnen im Zusammenhang mit Ihrer Anmietung elektronisch zugesandt wird), die Datenschutzerkl\u00e4rung und die R\u00fcckgabequittung oder -aufzeichnung (die \u201eMietquittung\u201c) mit den berechneten Mietgeb\u00fchren bilden zusammen den \u201eMietvertrag\u201c zwischen Ihnen und \u201eElectric-Mietwagen RB GmbH.<\/p>\n<p>&nbsp;<\/p>\n<p><strong><u>Ihre Vermietung<\/u><\/strong><\/p>\n<p>Sie mieten das im Mietvertrag beschriebene Fahrzeug, wobei es sich bei der Anmietung lediglich um eine Besitz- und nicht um eine Eigentums\u00fcbertragung handelt. Sie stimmen den Bedingungen des Mietvertrags zu, vorausgesetzt, dass eine solche Bedingung nicht durch das Recht einer Gerichtsbarkeit, die diese Anmietung abdeckt, verboten ist, in diesem Fall gilt dieses Gesetz. \u201eSie\u201c und \u201eIhr\u201c beziehen sich auf die Person, die diese Vereinbarung unterzeichnet, \u201ewir\u201c, \u201eunser\u201c und \u201euns\u201c. Sie stimmen ebenfalls zu, dass Sie zu keinem Zweck unser Vertreter sind; und dass Sie Ihre Verpflichtungen aus dem Mietvertrag und einem diskreten Teil davon nicht delegieren oder \u00fcbertragen k\u00f6nnen.<\/p>\n<p>&nbsp;<\/p>\n<p><strong><u>\u00c4nderungen<\/u><\/strong><\/p>\n<p>Jede \u00c4nderung des Mietvertrags oder unserer Rechte m\u00fcssen schriftlich erfolgen und von einem bevollm\u00e4chtigten Vertreter unterzeichnet werden. Sie stimmen ferner zu, dass wir das einseitige Recht haben, diese Allgemeinen Gesch\u00e4ftsbedingungen von Zeit zu Zeit entweder nach schriftlicher Mitteilung an Sie in Papier- oder elektronischer Form oder nach Ver\u00f6ffentlichung solcher \u00c4nderungen auf der Website durch uns zu \u00e4ndern. Solche \u00c4nderungen gelten f\u00fcr Anmietungen, die Sie buchen, nachdem eine solche Mitteilung gemacht wurde, wie durch das Datum dieser Mitteilung angegeben, wenn sie in schriftlicher Form gesendet wird, oder an dem Datum, an dem solche \u00c4nderungen auf der Website ver\u00f6ffentlicht werden, wobei dieses Datum darin angegeben ist, ohne dass Sie die ge\u00e4nderten Allgemeinen Gesch\u00e4ftsbedingungen unterzeichnen m\u00fcssen. \u00c4nderungen dieser Allgemeinen Gesch\u00e4ftsbedingungen werden auf der Website www.electric-mietwagen-rb.de ver\u00f6ffentlicht, sobald sie auftreten, und gelten f\u00fcr alle Anmietungen, die nach der Ver\u00f6ffentlichung beginnen, selbst wenn die zum Zeitpunkt der Reservierung des Mietwagens angegebenen Bedingungen anders sind.<\/p>\n<p>&nbsp;<\/p>\n<p><strong><u>Bedeutung von Auto<\/u><\/strong><\/p>\n<p>Das Wort \u201eFahrzeug\u201c im Mietvertrag bezeichnet das an Sie gemietete Fahrzeug oder seinen Ersatz und umfasst Reifen, Werkzeuge, Schl\u00fcssel, Schl\u00fcsselanh\u00e4nger, Ausr\u00fcstung, mitgeliefertes und optionales Zubeh\u00f6r, Kennzeichen, Dokumente und alle anderen Produkte oder Gegenst\u00e4nde, die von mit dem bereitgestellt werden Fahrzeug und separat an Sie vermietet von, sofern im Mietvertrag nicht ausdr\u00fccklich anders angegeben.<\/p>\n<p>&nbsp;<\/p>\n<p><strong><u>Wer darf das Fahrzeug fahren.<\/u><\/strong><\/p>\n<p>Sie versichern, dass Sie ein f\u00e4higer und g\u00fcltig lizenzierter Fahrer sind und w\u00e4hrend der gesamten Mietdauer ein f\u00e4higer und g\u00fcltig lizenzierter Fahrer bleiben werden. Sie stimmen zu, dass wir das Recht haben, als Vorbedingung f\u00fcr jede Anmietung zu \u00fcberpr\u00fcfen, ob Ihre Lizenz g\u00fcltig ausgestellt wurde (nicht ausgesetzt, widerrufen oder anderweitig in irgendeiner Weise eingeschr\u00e4nkt); und dass wir nach eigenem Ermessen die Vermietung an Sie ablehnen k\u00f6nnen, wenn Ihre Lizenz nicht g\u00fcltig ist. Wir behalten uns das Recht vor, Anmietungen aufgrund von (i) Informationen \u00fcber Ihren F\u00fchrerscheinstatus, (ii) der Echtheit Ihres F\u00fchrerscheins oder anderer Nachweise, (iii) der Unf\u00e4higkeit, Ihre Identit\u00e4t oder Zahlungsmethoden zu \u00fcberpr\u00fcfen, (iv) Ihrer bereitgestellten Fahrunterlagen abzulehnen. Wir behalten uns das Recht vor, Ihre Fahrausweise und Ihren g\u00fcltigen F\u00fchrerschein in regelm\u00e4\u00dfigen Abst\u00e4nden ohne Vorank\u00fcndigung zu validieren, sofern dies nicht gesetzlich vorgeschrieben ist. Sofern nicht ausdr\u00fccklich durch geltendes Recht gestattet, d\u00fcrfen nur Sie, das Fahrzeug fahren (jeweils a \u201eZugelassener Fahrer\u201c), jedoch nur mit Ihrer vorherigen Erlaubnis. Jeder zugelassene Fahrer muss mindestens 25 Jahre alt und zu jeder Zeit, in der diese Person das Auto f\u00e4hrt, ein f\u00e4higer und g\u00fcltig lizenzierter Fahrer sein. Jede andere Person als Sie oder ein zugelassener Fahrer, der das Auto f\u00e4hrt, muss zum Zeitpunkt der Anmietung ein Zusatzfahrerformular unterschreiben. Wir k\u00f6nnen f\u00fcr jeden zus\u00e4tzlichen Fahrer, der berechtigt ist, das Auto zu fahren, eine Geb\u00fchr erheben, die im Mietvertrag angegeben wird. Sie erkennen an, dass Sie im Rahmen des Mietvertrags jederzeit finanziell verantwortlich bleiben, auch wenn das Auto von einem zugelassenen Fahrer oder einer anderen Person als Ihnen selbst betrieben wird.<\/p>\n<p>&nbsp;<\/p>\n<p>&nbsp;<\/p>\n<p><strong><u>R\u00fcckgabe des Autos<\/u><\/strong><\/p>\n<p>Sie erkl\u00e4ren sich damit einverstanden, das Auto in demselben Zustand, in dem Sie es erhalten haben, mit Ausnahme von gew\u00f6hnlichem Verschlei\u00df, an dem im Mietvertrag angegebenen Datum, zu der Uhrzeit und an dem Ort an uns zur\u00fcckzugeben. Sie m\u00fcssen es auf unser Verlangen fr\u00fcher zur\u00fccksenden. Bei fr\u00fcherer oder sp\u00e4terer R\u00fcckgabe kann ein anderer oder h\u00f6herer Mietpreis gelten und bei sp\u00e4terer R\u00fcckgabe kann Ihnen auch eine Geb\u00fchr f\u00fcr versp\u00e4tete R\u00fcckgabe in Rechnung gestellt werden. Sie d\u00fcrfen das Auto nicht au\u00dferhalb der \u00d6ffnungszeiten der R\u00fcckgabestelle zur\u00fcckgeben, es sei denn, dies ist ausdr\u00fccklich von dieser Stelle gestattet. Wenn Sie dies tun, bleibt Ihre Verantwortung f\u00fcr Sch\u00e4den am oder Verlust des Fahrzeugs bestehen und alle im Mietvertrag als periodischer Satz angegebenen Geb\u00fchren fallen weiterhin an, bis die R\u00fcckgabestation wieder \u00f6ffnet und wir die R\u00fcckgabe des Fahrzeugs bearbeiten. Die Betriebszeiten variieren je nach Standort. Wenn wir das Auto nicht finden, wenn dieser Standort \u00f6ffnet, bleibt Ihre Verantwortung f\u00fcr alle Geb\u00fchren und f\u00fcr Sch\u00e4den am oder Verlust des Autos bestehen, bis das Auto tats\u00e4chlich zur\u00fcckgegeben oder abgeholt wird. Wenn Sie eine Miete verl\u00e4ngern m\u00f6chten, m\u00fcssen Sie uns unter 0157 50 156 040 kontaktieren oder eine von uns genehmigte Methode verwenden, um die Verl\u00e4ngerung vor Ihrem R\u00fcckgabedatum zu beantragen. Wir k\u00f6nnen nach unserem alleinigen Ermessen eine Verl\u00e4ngerung f\u00fcr den gesamten von Ihnen beantragten Zeitraum gew\u00e4hren oder nicht gew\u00e4hren oder ablehnen. Wenn Sie das Fahrzeug nicht wie im Mietvertrag vorgeschrieben an dem im Mietvertrag angegebenen Ort zur\u00fcckgeben, k\u00f6nnen Sie mit strafrechtlichen Sanktionen belegt werden. Wenn wir eine Verl\u00e4ngerung gew\u00e4hren, kann ein anderer oder h\u00f6herer Satz auf den Verl\u00e4ngerungszeitraum angewendet werden, und es kann auch eine Servicegeb\u00fchr anfallen.<\/p>\n<p>&nbsp;<\/p>\n<p><strong><u>Wo Sie das Auto zur\u00fcckgeben<\/u><\/strong><\/p>\n<p>Das Fahrzeug muss am vereinbarten R\u00fcckgabeort, wie im Mietvertrag angegeben, zur\u00fcckgegeben werden. Wenn die R\u00fcckgabe an einem anderen Ort als dem Ort angegeben ist, an dem Ihre Anmietung beginnt, m\u00fcssen Sie m\u00f6glicherweise eine Einweg-Servicegeb\u00fchr zahlen. Wenn Sie das Auto ohne unsere Zustimmung an einem anderen Ort als dem vereinbarten R\u00fcckgabeort zur\u00fcckgeben, erkl\u00e4ren Sie sich damit einverstanden, eine von uns festgelegte Geb\u00fchr f\u00fcr den nicht autorisierten R\u00fcckgabeort zu zahlen.<\/p>\n<p>&nbsp;<\/p>\n<p>&nbsp;<\/p>\n<p><strong><u>Mietkosten<\/u><\/strong><\/p>\n<p>Sie zahlen f\u00fcr die Anzahl der Kilometer, die Sie fahren, und den Zeitraum, in dem Sie das Auto mieten, zu dem im Mietvertrag angegebenen Tarif oder Ihrem geltenden Firmentarif. Sofern im Mietvertrag nicht anders angegeben, betr\u00e4gt die Mindestgeb\u00fchr einen Tag (24 Stunden), sofern im Mietvertrag nicht \u201eKalendertag\u201c angegeben ist, zuz\u00fcglich Kilometer-\/Kilometerleistung oder eine feste Geb\u00fchr. Wir ermitteln die Kilometer, indem wir den werkseitig installierten Kilometerz\u00e4hler ablesen oder die Fernsteuerung des Fahrzeugs verwenden. Die Tagesgeb\u00fchr gilt f\u00fcr aufeinanderfolgende 24-Stunden-Zeitr\u00e4ume ab der Stunde und Minute des Mietbeginns oder, wenn im Mietvertrag ein Kalendertag angegeben ist, f\u00fcr jeden aufeinanderfolgenden Kalendertag oder einen Teil eines Kalendertages, beginnend mit dem Kalendertag, an dem die Vermietung erfolgt. Wenn Sie die im Mietvertrag festgelegten Bedingungen f\u00fcr Sondertarife nicht einhalten, werden unsere ansonsten geltenden Tarife berechnet. Sie zahlen alle f\u00fcr die Anmietung anfallenden Geb\u00fchren f\u00fcr verschiedene Dienstleistungen und, sofern zul\u00e4ssig, Flughafengeb\u00fchren und\/oder Konzessionsgeb\u00fchren, Geb\u00fchren f\u00fcr die Wiedererlangung von Fahrzeugf\u00fchrerscheinen, andere Geb\u00fchren und Zuschl\u00e4ge, hierzu wird Ihnen eine Anlage zum Mietvertrag beileget.<\/p>\n","protected":false},"excerpt":{"rendered":"<p>Der Mietvertrag Z\u00e4hlt als Mietbedingungen, die Mietunterlagen, die Sie erhalten wenn Sie Zugang zu dem von Ihnen gemieteten Fahrzeug erhalten genannt auch\u00a0 (\u201eMietvertrag\u201c), alle von Ihnen unterzeichneten zus\u00e4tzlichen Vereinbarungen, alle Dokumente oder Vereinbarungen (oder Links zu Online-Dokumenten oder -Vereinbarungen). ), die Ihnen im Zusammenhang mit Ihrer Anmietung elektronisch zugesandt wird), die Datenschutzerkl\u00e4rung und die R\u00fcckgabequittung [&hellip;]<\/p>\n","protected":false},"author":1,"featured_media":0,"parent":0,"menu_order":0,"comment_status":"closed","ping_status":"closed","template":"","meta":{"footnotes":""},"class_list":["post-17682","page","type-page","status-publish","hentry"],"_links":{"self":[{"href":"https:\/\/electric-mietwagen-rb.de\/en\/wp-json\/wp\/v2\/pages\/17682","targetHints":{"allow":["GET"]}}],"collection":[{"href":"https:\/\/electric-mietwagen-rb.de\/en\/wp-json\/wp\/v2\/pages"}],"about":[{"href":"https:\/\/electric-mietwagen-rb.de\/en\/wp-json\/wp\/v2\/types\/page"}],"author":[{"embeddable":true,"href":"https:\/\/electric-mietwagen-rb.de\/en\/wp-json\/wp\/v2\/users\/1"}],"replies":[{"embeddable":true,"href":"https:\/\/electric-mietwagen-rb.de\/en\/wp-json\/wp\/v2\/comments?post=17682"}],"version-history":[{"count":6,"href":"https:\/\/electric-mietwagen-rb.de\/en\/wp-json\/wp\/v2\/pages\/17682\/revisions"}],"predecessor-version":[{"id":18286,"href":"https:\/\/electric-mietwagen-rb.de\/en\/wp-json\/wp\/v2\/pages\/17682\/revisions\/18286"}],"wp:attachment":[{"href":"https:\/\/electric-mietwagen-rb.de\/en\/wp-json\/wp\/v2\/media?parent=17682"}],"curies":[{"name":"wp","href":"https:\/\/api.w.org\/{rel}","templated":true}]}}